{"id":926,"date":"2024-02-08T23:11:27","date_gmt":"2024-02-08T22:11:27","guid":{"rendered":"https:\/\/atjf.fr\/?page_id=926"},"modified":"2024-04-04T21:14:23","modified_gmt":"2024-04-04T19:14:23","slug":"fiches-technique-tai-jutsu","status":"publish","type":"page","link":"https:\/\/atjf.fr\/?page_id=926","title":{"rendered":"Espace fiches techniques"},"content":{"rendered":"<div class=\"passster-form\" id=\"ps-425\">\n    <form class=\"password-form\" method=\"post\" autocomplete=\"off\" target=\"_top\">\n        <h4>Page r\u00e9serv\u00e9e aux adh\u00e9rents ATJF<\/h4>\n        <p>Ce contenu est prot\u00e9g\u00e9 par un mot de passe que vous recevez une fois avoir adh\u00e9r\u00e9 \u00e0 l'Acad\u00e9mie Ta\u00ef-Jutsu France. Si vous l'avez perdu, veuillez nous envoyer un message via le formulaire de contact afin que l'on puisse vous aider \u00e0 regler ce probl\u00e8me.<\/p>\n        <fieldset>\n            <span class=\"ps-loader\"><img src=\"https:\/\/atjf.fr\/wp-content\/plugins\/content-protector\/assets\/public\/ps-loader.svg\"\/><\/span>\n            <label for=\"passster_password\" style=\"display:none;\">Enter your password<\/label>\n            <input placeholder=\"Entrez votre mot de passe\" type=\"password\" tabindex=\"1\" name=\"passster_password\"\n                   id=\"passster_password\" class=\"passster-password\" autocomplete=\"off\"\n                   data-protection-type=\"password\" data-list=\"[PASSSTER_LIST]\" data-lists=\"[PASSSTER_LISTS]\" data-area=\"[PASSSTER_AREA]\"\n                   data-protection=\"full\">\n            \n            <button name=\"submit\" type=\"submit\" class=\"passster-submit\" data-psid=\"ps-425\" \n                    data-submit=\"...Checking Password\" data-redirect=\"\">Valider\n            <\/button>\n            <div class=\"passster-error\"><\/div>\n        <\/fieldset>\n    <\/form>\n<\/div>","protected":false},"excerpt":{"rendered":"<div class=\"passster-form\" id=\"ps-454\">\n<form class=\"password-form\" method=\"post\" autocomplete=\"off\" target=\"_top\">\n<h4>Page r\u00e9serv\u00e9e aux adh\u00e9rents ATJF<\/h4>\n<p>Ce contenu est prot\u00e9g\u00e9 par un mot de passe que vous recevez une fois avoir adh\u00e9r\u00e9 \u00e0 l&rsquo;Acad\u00e9mie Ta\u00ef-Jutsu France. Si vous l&rsquo;avez perdu, veuillez nous envoyer un message via le formulaire de contact afin que l&rsquo;on puisse vous aider \u00e0 regler ce probl\u00e8me.<\/p>\n<fieldset>\n            <span class=\"ps-loader\"><img decoding=\"async\" src=\"https:\/\/atjf.fr\/wp-content\/plugins\/content-protector\/assets\/public\/ps-loader.svg\"\/><\/span><br \/>\n            <label for=\"passster_password\" style=\"display:none;\">Enter your password<\/label><br \/>\n            <input placeholder=\"Entrez votre mot de passe\" type=\"password\" tabindex=\"1\" name=\"passster_password\"\n                   id=\"passster_password\" class=\"passster-password\" autocomplete=\"off\"\n                   data-protection-type=\"password\" data-list=\"[PASSSTER_LIST]\" data-lists=\"[PASSSTER_LISTS]\" data-area=\"[PASSSTER_AREA]\"\n                   data-protection=\"full\"><\/p>\n<p>            <button name=\"submit\" type=\"submit\" class=\"passster-submit\" data-psid=\"ps-454\" \n                    data-submit=\"...Checking Password\" data-redirect=\"\">Valider<br \/>\n            <\/button><\/p>\n<div class=\"passster-error\"><\/div>\n<\/fieldset><\/form>\n<\/div>\n","protected":false},"author":1,"featured_media":0,"parent":0,"menu_order":0,"comment_status":"closed","ping_status":"closed","template":"","meta":{"passster_activate_protection":true,"passster_protect_child_pages":"","passster_protection_type":"password","passster_password":"J04M04A24","passster_activate_overwrite_defaults":"","passster_headline":"","passster_instruction":"","passster_placeholder":"","passster_button":"","passster_id":"","passster_activate_misc_settings":"","passster_redirect_url":"","passster_hide":"no","passster_area_shortcode":"[passster password=\"1234\" area=\"926\"]","footnotes":""},"yoast_head":"<!-- This site is optimized with the Yoast SEO plugin v21.2 - https:\/\/yoast.com\/wordpress\/plugins\/seo\/ -->\n<title>Espace fiches techniques - atjf.fr<\/title>\n<meta name=\"robots\" content=\"index, follow, max-snippet:-1, max-image-preview:large, max-video-preview:-1\" \/>\n<link rel=\"canonical\" href=\"https:\/\/atjf.fr\/?page_id=926\" \/>\n<meta property=\"og:locale\" content=\"fr_FR\" \/>\n<meta property=\"og:type\" content=\"article\" \/>\n<meta property=\"og:title\" content=\"Espace fiches techniques - atjf.fr\" \/>\n<meta property=\"og:description\" content=\"Page r\u00e9serv\u00e9e aux adh\u00e9rents ATJF     Ce contenu est prot\u00e9g\u00e9 par un mot de passe que vous recevez une fois avoir adh\u00e9r\u00e9 \u00e0 l&#039;Acad\u00e9mie Ta\u00ef-Jutsu France. Si vous l&#039;avez perdu, veuillez nous envoyer un message via le formulaire de contact afin que l&#039;on puisse vous aider \u00e0 regler ce probl\u00e8me.                  Enter your password                    Valider\" \/>\n<meta property=\"og:url\" content=\"https:\/\/atjf.fr\/?page_id=926\" \/>\n<meta property=\"og:site_name\" content=\"atjf.fr\" \/>\n<meta property=\"article:modified_time\" content=\"2024-04-04T19:14:23+00:00\" \/>\n<meta name=\"twitter:card\" content=\"summary_large_image\" \/>\n<meta name=\"twitter:label1\" content=\"Dur\u00e9e de lecture estim\u00e9e\" \/>\n\t<meta name=\"twitter:data1\" content=\"1 minute\" \/>\n<script type=\"application\/ld+json\" class=\"yoast-schema-graph\">{\"@context\":\"https:\/\/schema.org\",\"@graph\":[{\"@type\":\"WebPage\",\"@id\":\"https:\/\/atjf.fr\/?page_id=926\",\"url\":\"https:\/\/atjf.fr\/?page_id=926\",\"name\":\"Espace fiches techniques - atjf.fr\",\"isPartOf\":{\"@id\":\"https:\/\/atjf.fr\/#website\"},\"datePublished\":\"2024-02-08T22:11:27+00:00\",\"dateModified\":\"2024-04-04T19:14:23+00:00\",\"breadcrumb\":{\"@id\":\"https:\/\/atjf.fr\/?page_id=926#breadcrumb\"},\"inLanguage\":\"fr-FR\",\"potentialAction\":[{\"@type\":\"ReadAction\",\"target\":[\"https:\/\/atjf.fr\/?page_id=926\"]}]},{\"@type\":\"BreadcrumbList\",\"@id\":\"https:\/\/atjf.fr\/?page_id=926#breadcrumb\",\"itemListElement\":[{\"@type\":\"ListItem\",\"position\":1,\"name\":\"Accueil\",\"item\":\"https:\/\/atjf.fr\/\"},{\"@type\":\"ListItem\",\"position\":2,\"name\":\"Espace fiches techniques\"}]},{\"@type\":\"WebSite\",\"@id\":\"https:\/\/atjf.fr\/#website\",\"url\":\"https:\/\/atjf.fr\/\",\"name\":\"atjf.fr\",\"description\":\"\",\"publisher\":{\"@id\":\"https:\/\/atjf.fr\/#organization\"},\"potentialAction\":[{\"@type\":\"SearchAction\",\"target\":{\"@type\":\"EntryPoint\",\"urlTemplate\":\"https:\/\/atjf.fr\/?s={search_term_string}\"},\"query-input\":\"required name=search_term_string\"}],\"inLanguage\":\"fr-FR\"},{\"@type\":\"Organization\",\"@id\":\"https:\/\/atjf.fr\/#organization\",\"name\":\"atjf.fr\",\"url\":\"https:\/\/atjf.fr\/\",\"logo\":{\"@type\":\"ImageObject\",\"inLanguage\":\"fr-FR\",\"@id\":\"https:\/\/atjf.fr\/#\/schema\/logo\/image\/\",\"url\":\"https:\/\/atjf.fr\/wp-content\/uploads\/2023\/09\/cropped-LOGO-ACADEMIE-TAI-JUTSU.png\",\"contentUrl\":\"https:\/\/atjf.fr\/wp-content\/uploads\/2023\/09\/cropped-LOGO-ACADEMIE-TAI-JUTSU.png\",\"width\":591,\"height\":592,\"caption\":\"atjf.fr\"},\"image\":{\"@id\":\"https:\/\/atjf.fr\/#\/schema\/logo\/image\/\"}}]}<\/script>\n<!-- \/ Yoast SEO plugin. -->","yoast_head_json":{"title":"Espace fiches techniques - atjf.fr","robots":{"index":"index","follow":"follow","max-snippet":"max-snippet:-1","max-image-preview":"max-image-preview:large","max-video-preview":"max-video-preview:-1"},"canonical":"https:\/\/atjf.fr\/?page_id=926","og_locale":"fr_FR","og_type":"article","og_title":"Espace fiches techniques - atjf.fr","og_description":"Page r\u00e9serv\u00e9e aux adh\u00e9rents ATJF     Ce contenu est prot\u00e9g\u00e9 par un mot de passe que vous recevez une fois avoir adh\u00e9r\u00e9 \u00e0 l'Acad\u00e9mie Ta\u00ef-Jutsu France. Si vous l'avez perdu, veuillez nous envoyer un message via le formulaire de contact afin que l'on puisse vous aider \u00e0 regler ce probl\u00e8me.                  Enter your password                    Valider","og_url":"https:\/\/atjf.fr\/?page_id=926","og_site_name":"atjf.fr","article_modified_time":"2024-04-04T19:14:23+00:00","twitter_card":"summary_large_image","twitter_misc":{"Dur\u00e9e de lecture estim\u00e9e":"1 minute"},"schema":{"@context":"https:\/\/schema.org","@graph":[{"@type":"WebPage","@id":"https:\/\/atjf.fr\/?page_id=926","url":"https:\/\/atjf.fr\/?page_id=926","name":"Espace fiches techniques - atjf.fr","isPartOf":{"@id":"https:\/\/atjf.fr\/#website"},"datePublished":"2024-02-08T22:11:27+00:00","dateModified":"2024-04-04T19:14:23+00:00","breadcrumb":{"@id":"https:\/\/atjf.fr\/?page_id=926#breadcrumb"},"inLanguage":"fr-FR","potentialAction":[{"@type":"ReadAction","target":["https:\/\/atjf.fr\/?page_id=926"]}]},{"@type":"BreadcrumbList","@id":"https:\/\/atjf.fr\/?page_id=926#breadcrumb","itemListElement":[{"@type":"ListItem","position":1,"name":"Accueil","item":"https:\/\/atjf.fr\/"},{"@type":"ListItem","position":2,"name":"Espace fiches techniques"}]},{"@type":"WebSite","@id":"https:\/\/atjf.fr\/#website","url":"https:\/\/atjf.fr\/","name":"atjf.fr","description":"","publisher":{"@id":"https:\/\/atjf.fr\/#organization"},"potentialAction":[{"@type":"SearchAction","target":{"@type":"EntryPoint","urlTemplate":"https:\/\/atjf.fr\/?s={search_term_string}"},"query-input":"required name=search_term_string"}],"inLanguage":"fr-FR"},{"@type":"Organization","@id":"https:\/\/atjf.fr\/#organization","name":"atjf.fr","url":"https:\/\/atjf.fr\/","logo":{"@type":"ImageObject","inLanguage":"fr-FR","@id":"https:\/\/atjf.fr\/#\/schema\/logo\/image\/","url":"https:\/\/atjf.fr\/wp-content\/uploads\/2023\/09\/cropped-LOGO-ACADEMIE-TAI-JUTSU.png","contentUrl":"https:\/\/atjf.fr\/wp-content\/uploads\/2023\/09\/cropped-LOGO-ACADEMIE-TAI-JUTSU.png","width":591,"height":592,"caption":"atjf.fr"},"image":{"@id":"https:\/\/atjf.fr\/#\/schema\/logo\/image\/"}}]}},"_links":{"self":[{"href":"https:\/\/atjf.fr\/index.php?rest_route=\/wp\/v2\/pages\/926"}],"collection":[{"href":"https:\/\/atjf.fr\/index.php?rest_route=\/wp\/v2\/pages"}],"about":[{"href":"https:\/\/atjf.fr\/index.php?rest_route=\/wp\/v2\/types\/page"}],"author":[{"embeddable":true,"href":"https:\/\/atjf.fr\/index.php?rest_route=\/wp\/v2\/users\/1"}],"replies":[{"embeddable":true,"href":"https:\/\/atjf.fr\/index.php?rest_route=%2Fwp%2Fv2%2Fcomments&post=926"}],"version-history":[{"count":36,"href":"https:\/\/atjf.fr\/index.php?rest_route=\/wp\/v2\/pages\/926\/revisions"}],"predecessor-version":[{"id":1427,"href":"https:\/\/atjf.fr\/index.php?rest_route=\/wp\/v2\/pages\/926\/revisions\/1427"}],"wp:attachment":[{"href":"https:\/\/atjf.fr\/index.php?rest_route=%2Fwp%2Fv2%2Fmedia&parent=926"}],"curies":[{"name":"wp","href":"https:\/\/api.w.org\/{rel}","templated":true}]}}